{"id":6976,"date":"2019-02-17T14:58:41","date_gmt":"2019-02-17T14:58:41","guid":{"rendered":"http:\/\/localhost\/munza\/?page_id=6976"},"modified":"2024-07-31T16:08:40","modified_gmt":"2024-07-31T16:08:40","slug":"micro","status":"publish","type":"page","link":"https:\/\/www.xstreamo.net\/?page_id=6976","title":{"rendered":"Micro"},"content":{"rendered":"\t\t<div data-elementor-type=\"wp-page\" data-elementor-id=\"6976\" class=\"elementor elementor-6976\" data-elementor-settings=\"[]\">\n\t\t\t\t\t\t\t<div class=\"elementor-section-wrap\">\n\t\t\t\t\t\t\t<section class=\"elementor-section elementor-top-section elementor-element elementor-element-3ba34c0c elementor-section-boxed elementor-section-height-default elementor-section-height-default\" data-id=\"3ba34c0c\" data-element_type=\"section\">\n\t\t\t\t\t\t<div class=\"elementor-container elementor-column-gap-default\">\n\t\t\t\t\t<div class=\"elementor-column elementor-col-100 elementor-top-column elementor-element elementor-element-503a9aa2\" data-id=\"503a9aa2\" data-element_type=\"column\">\n\t\t\t<div class=\"elementor-widget-wrap elementor-element-populated\">\n\t\t\t\t\t\t\t\t<div class=\"elementor-element elementor-element-50f0f581 elementor-widget elementor-widget-text-editor\" data-id=\"50f0f581\" data-element_type=\"widget\" data-widget_type=\"text-editor.default\">\n\t\t\t\t<div class=\"elementor-widget-container\">\n\t\t\t\t\t\t\t\t<p>[vc_row equal_height=&#8221;yes&#8221; row_shape=&#8221;btn4&#8243;][vc_column]<h4 class='wst-heading main'>M\u00e9retben <span style=\"color: #ef2674\">kicsi<\/span>, tud\u00e1sban \u00e9s \u00fczembiztons\u00e1gban \u00f3ri\u00e1si<\/h4>[\/vc_column][vc_column width=&#8221;1\/2&#8243; css=&#8221;.vc_custom_1552269586392{padding-top: 30px !important;padding-right: 40px !important;}&#8221;][vc_column_text]<\/p><p style=\"text-align: justify;\"><span style=\"color: #808080;\">A \u201eMicro\u201d t\u00edpus\u00fa kialak\u00edt\u00e1sban a legegyszer\u0171bb alkalmaz\u00e1si form\u00e1t, hordozhat\u00f3 \u00e9s robusztus fel\u00e9p\u00edt\u00e9st t\u0171zt\u00fck ki c\u00e9lk\u00e9nt. Ebben a kivitelben a v\u00e1z k\u00e9szre szerelve tartalmazza az XS-1012, illetve a k\u00e9s\u0151bbi fejleszt\u00e9s sor\u00e1n l\u00e9trej\u00f6v\u0151 funkcion\u00e1lis elektronikai k\u00e1rty\u00e1t. A keret \u00fczemi elhelyez\u00e9se, a tartoz\u00e9k k\u00e9sz\u00fcl\u00e9kl\u00e1b haszn\u00e1lat\u00e1val fekv\u0151, vagy \u00e1ll\u00f3 m\u00f3dban is lehets\u00e9ges.<\/span><\/p><p>[\/vc_column_text][vc_column_text]<\/p><p style=\"text-align: justify;\"><span style=\"color: #808080;\">Az elektronika h\u0171t\u00e9s\u00e9t a keretben elhelyezett miniat\u0171r m\u00e9ret\u0171 ventil\u00e1torok biztos\u00edtj\u00e1k. Mivel a ventil\u00e1torok mozg\u00f3 mechanikai alkatr\u00e9szek, \u00edgy meghib\u00e1sod\u00e1suk eset\u00e9n gyors \u00e9s egyszer\u0171 cser\u00e9j\u00fck l\u00e9tfontoss\u00e1g\u00fa, ez\u00e9rt a keret tervez\u00e9s\u00e9n\u00e9l figyelembe vett\u00fck ennek fontoss\u00e1g\u00e1t. A h\u00e1tlapot ez\u00e9rt \u00fagy alak\u00edtottuk ki, hogy ak\u00e1r \u00fczem k\u00f6zben (ehhez k\u00e9t t\u00e1pegys\u00e9g sz\u00fcks\u00e9ges) egyszer\u0171en k\u00e9t csavar old\u00e1s\u00e1val \/ r\u00f6gz\u00edt\u00e9s\u00e9vel, kih\u00fazva \/ bedugva cser\u00e9lhet\u0151 legyen a ventil\u00e1torokkal szerelt h\u00e1tlap. Ugyanezen gondoss\u00e1ggal lett kialak\u00edtva a t\u00e1pfesz\u00fclts\u00e9g ell\u00e1t\u00e1s. A berendez\u00e9s t\u00e1pfesz\u00fclts\u00e9g ell\u00e1t\u00e1s\u00e1t \u201emedical\u201d min\u0151s\u00edt\u00e9s\u0171, k\u00fcls\u0151 kapcsol\u00f3\u00fczem\u0171 AC \/ DC t\u00e1pegys\u00e9g biztos\u00edtja MOLEX biztons\u00e1gi reteszel\u00e9s\u0171 t\u00e1pfesz\u00fclts\u00e9g csatlakoz\u00f3kon kereszt\u00fcl. A a t\u00e1pfesz\u00fclts\u00e9g csatlakoz\u00e1s, illetve t\u00e1pfesz\u00fclts\u00e9g biztons\u00e1g maximaliz\u00e1l\u00e1s\u00e1hoz lehet\u0151s\u00e9g van k\u00e9t t\u00e1pegys\u00e9g redund\u00e1ns csatlakoztat\u00e1s\u00e1ra. Elmondhatjuk teh\u00e1t, hogy a kis m\u00e9ret nem akad\u00e1lya az \u00fczembiztons\u00e1g maximumon tart\u00e1s\u00e1nak.<\/span><\/p><p style=\"text-align: justify;\"><span style=\"color: #808080;\">A \u201eMicro\u201d kivitelben szerelt XS-1012 k\u00e1rtya frontlapi csatlakoztathat\u00f3s\u00e1ga, a nagyobb mechanikai testv\u00e9rekkel egyez\u0151en tartalmazza az USB-C konzol, a k\u00e9t RJ-45 GBE elektronikus \u00e9s az SFP optikai aljzat csatlakoz\u00f3kat. A frontlapon egyetlen sz\u00edn szerint megk\u00fcl\u00f6nb\u00f6ztethet\u0151 m\u0171k\u00f6d\u00e9si st\u00e1tuszt visszajelz\u0151 LED tal\u00e1lhat\u00f3. A streamer \u00fczemi funkci\u00f3it be\u00e1ll\u00edthatjuk a konzolon kereszt\u00fcl, illetve a fejleszt\u00e9s alatt \u00e1ll\u00f3 be\u00e1gyazott web szerver grafikus kezel\u0151fel\u00fclet\u00e9n.<\/span><\/p><p>[\/vc_column_text]<div id='head_69da0b206737f' class='cp-cta fx rounded cta-icons-left cta-align-left cta-icons-sides'  data-animate=\"fadeIn\"><div class=\"cp-cta-icon cta-icon-left\"><i class=\"main_icon main-color md-icon \"><\/i><\/div><div class=\"cp-cta-content text-left\"><h3 class='cp-cta-header'><\/p><p><\/h3><p>A r\u00e9szletes le\u00edr\u00e1s itt let\u00f6lthet\u0151:<\/p><\/div><div class=\"cp-cta-btn btn-container cta-btn-right\"><a class=\"btn btn-sm rounded btn-icon-align-left\" href=\"http:\/\/www.xstreamo.net\/wp-content\/uploads\/2021\/01\/xstreamo_prosp.pdf\"  title=\"\" target=\"_self\"><span class=\"btn_icon_wrap\"><i class=\" btn_ic \"><\/i><\/span><span class=\"btn_txt\">Let\u00f6lt\u00e9s<\/span><\/a><\/div><\/div>[\/vc_column][vc_column width=&#8221;1\/2&#8243; css=&#8221;.vc_custom_1557787537597{padding-left: 3% !important;}&#8221;][vc_single_image image=&#8221;13840&#8243; img_size=&#8221;full&#8221; alignment=&#8221;center&#8221; style=&#8221;vc_box_shadow_border&#8221; onclick=&#8221;zoom&#8221;][\/vc_column][\/vc_row]<\/p>\t\t\t\t\t\t<\/div>\n\t\t\t\t<\/div>\n\t\t\t\t\t<\/div>\n\t\t<\/div>\n\t\t\t\t\t\t\t<\/div>\n\t\t<\/section>\n\t\t\t\t\t\t<\/div>\n\t\t\t\t\t<\/div>\n\t\t","protected":false},"excerpt":{"rendered":"<p>[vc_row equal_height=&#8221;yes&#8221; row_shape=&#8221;btn4&#8243;][vc_column][\/vc_column][vc_column width=&#8221;1\/2&#8243; css=&#8221;.vc_custom_1552269586392{padding-top: 30px !important;padding-right: 40px !important;}&#8221;][vc_column_text] A \u201eMicro\u201d t\u00edpus\u00fa kialak\u00edt\u00e1sban a legegyszer\u0171bb alkalmaz\u00e1si form\u00e1t, hordozhat\u00f3 \u00e9s robusztus fel\u00e9p\u00edt\u00e9st t\u0171zt\u00fck ki c\u00e9lk\u00e9nt. Ebben a kivitelben a v\u00e1z k\u00e9szre szerelve tartalmazza az XS-1012, illetve a k\u00e9s\u0151bbi fejleszt\u00e9s sor\u00e1n l\u00e9trej\u00f6v\u0151 funkcion\u00e1lis elektronikai k\u00e1rty\u00e1t. A keret \u00fczemi elhelyez\u00e9se, a tartoz\u00e9k k\u00e9sz\u00fcl\u00e9kl\u00e1b haszn\u00e1lat\u00e1val fekv\u0151, vagy \u00e1ll\u00f3 m\u00f3dban<\/p>\n<div class=\"wst-more-wrap\"><a class=\"wst-more-btn\" href=\"https:\/\/www.xstreamo.net\/?page_id=6976\"><\/a><\/div>\n","protected":false},"author":1,"featured_media":0,"parent":0,"menu_order":0,"comment_status":"closed","ping_status":"closed","template":"","meta":{"footnotes":""},"class_list":["post-6976","page","type-page","status-publish","hentry"],"lang":"hu","translations":{"en":13817,"hu":6976},"pll_sync_post":[],"_links":{"self":[{"href":"https:\/\/www.xstreamo.net\/index.php?rest_route=\/wp\/v2\/pages\/6976"}],"collection":[{"href":"https:\/\/www.xstreamo.net\/index.php?rest_route=\/wp\/v2\/pages"}],"about":[{"href":"https:\/\/www.xstreamo.net\/index.php?rest_route=\/wp\/v2\/types\/page"}],"author":[{"embeddable":true,"href":"https:\/\/www.xstreamo.net\/index.php?rest_route=\/wp\/v2\/users\/1"}],"replies":[{"embeddable":true,"href":"https:\/\/www.xstreamo.net\/index.php?rest_route=%2Fwp%2Fv2%2Fcomments&post=6976"}],"version-history":[{"count":50,"href":"https:\/\/www.xstreamo.net\/index.php?rest_route=\/wp\/v2\/pages\/6976\/revisions"}],"predecessor-version":[{"id":14067,"href":"https:\/\/www.xstreamo.net\/index.php?rest_route=\/wp\/v2\/pages\/6976\/revisions\/14067"}],"wp:attachment":[{"href":"https:\/\/www.xstreamo.net\/index.php?rest_route=%2Fwp%2Fv2%2Fmedia&parent=6976"}],"curies":[{"name":"wp","href":"https:\/\/api.w.org\/{rel}","templated":true}]}}